{"id":985,"date":"2016-07-21T14:58:55","date_gmt":"2016-07-21T14:58:55","guid":{"rendered":"http:\/\/meetingpointhostels.com\/facilities\/"},"modified":"2020-06-29T10:24:10","modified_gmt":"2020-06-29T10:24:10","slug":"instalaciones","status":"publish","type":"page","link":"https:\/\/meetingpointhostels.com\/es\/instalaciones\/","title":{"rendered":"Instalaciones"},"content":{"rendered":"<div class=\"wpb-content-wrapper\"><p>[vc_row row_type=\u00bbrow\u00bb use_row_as_full_screen_section=\u00bbno\u00bb type=\u00bbgrid\u00bb text_align=\u00bbcenter\u00bb background_animation=\u00bbnone\u00bb padding_top=\u00bb70&#8243; padding_bottom=\u00bb50&#8243; css_animation=\u00bb\u00bb][vc_column offset=\u00bbvc_col-lg-4&#8243;][vc_single_image image=\u00bb653&#8243; img_size=\u00bbfull\u00bb qode_css_animation=\u00bb\u00bb][vc_empty_space height=\u00bb46px\u00bb][vc_column_text]<\/p>\n<h3>Recepci\u00f3n<\/h3>\n<p>[\/vc_column_text][vc_empty_space height=\u00bb18px\u00bb][vc_column_text]Personal amable y servicial, informaci\u00f3n tur\u00edstica, mapas de la ciudad gratuitos y consejos \u00fatiles sobre Barcelona.[\/vc_column_text][vc_empty_space height=\u00bb40px\u00bb][\/vc_column][vc_column offset=\u00bbvc_col-lg-4&#8243;][vc_single_image image=\u00bb588&#8243; img_size=\u00bbfull\u00bb qode_css_animation=\u00bb\u00bb][vc_empty_space height=\u00bb46px\u00bb][vc_column_text]<\/p>\n<h3>Cocina compartida<\/h3>\n<p>[\/vc_column_text][vc_empty_space height=\u00bb18px\u00bb][vc_column_text]Cocina bien equipada con nevera, microondas, vitrocer\u00e1mica, horno, tostadora y otros utensilios necesarios.[\/vc_column_text][vc_empty_space height=\u00bb40px\u00bb][\/vc_column][vc_column offset=\u00bbvc_col-lg-4&#8243;][vc_single_image image=\u00bb663&#8243; img_size=\u00bbfull\u00bb qode_css_animation=\u00bb\u00bb][vc_empty_space height=\u00bb46px\u00bb][vc_column_text]<\/p>\n<h3>Entretenimiento<\/h3>\n<p>[\/vc_column_text][vc_empty_space height=\u00bb18px\u00bb][vc_column_text]TV por sat\u00e9lite, libros, juegos de mesa, futbol\u00edn y ordenadores para hu\u00e9spedes con acceso gratuito a Internet.[\/vc_column_text][vc_empty_space height=\u00bb40px\u00bb][\/vc_column][\/vc_row][vc_row row_type=\u00bbrow\u00bb use_row_as_full_screen_section=\u00bbno\u00bb type=\u00bbfull_width\u00bb text_align=\u00bbleft\u00bb background_animation=\u00bbnone\u00bb css_animation=\u00bb\u00bb][vc_column]<div class='qode_carousels_holder clearfix hover_overlay'><div class='qode_carousels '  data-number_of_items = 4><ul class='slides'><li class='item'><div class=\"carousel_item_holder\"><span class='first_image_holder '><img src='http:\/\/meetingpointhostels.com\/wp-content\/uploads\/2017\/02\/Reception-thumbnail-1.jpg' alt='Recepci\u00f3n'><\/span><span class='carousel_image_overlay'><\/span><\/div><\/li><li class='item'><div class=\"carousel_item_holder\"><span class='first_image_holder '><img src='http:\/\/meetingpointhostels.com\/wp-content\/uploads\/2017\/02\/Guest-kitchen-thumbnail-2.jpg' alt='Cocina compartida'><\/span><span class='carousel_image_overlay'><\/span><\/div><\/li><li class='item'><div class=\"carousel_item_holder\"><span class='first_image_holder '><img src='http:\/\/meetingpointhostels.com\/wp-content\/uploads\/2017\/02\/Dining-room-thumbnail-2.jpg' alt='Comedor'><\/span><span class='carousel_image_overlay'><\/span><\/div><\/li><li class='item'><div class=\"carousel_item_holder\"><span class='first_image_holder '><img src='http:\/\/meetingpointhostels.com\/wp-content\/uploads\/2017\/02\/Patio-thumbnail-1.jpg' alt='Patio'><\/span><span class='carousel_image_overlay'><\/span><\/div><\/li><li class='item'><div class=\"carousel_item_holder\"><span class='first_image_holder '><img src='http:\/\/meetingpointhostels.com\/wp-content\/uploads\/2017\/02\/Patio-thumbnail-2.jpg' alt='Patio'><\/span><span class='carousel_image_overlay'><\/span><\/div><\/li><li class='item'><div class=\"carousel_item_holder\"><span class='first_image_holder '><img src='http:\/\/meetingpointhostels.com\/wp-content\/uploads\/2017\/02\/Patio-thumbnail-3.jpg' alt='Patio'><\/span><span class='carousel_image_overlay'><\/span><\/div><\/li><li class='item'><div class=\"carousel_item_holder\"><span class='first_image_holder '><img src='http:\/\/meetingpointhostels.com\/wp-content\/uploads\/2017\/02\/Patio-thumbnail-4.jpg' alt='Patio'><\/span><span class='carousel_image_overlay'><\/span><\/div><\/li><li class='item'><div class=\"carousel_item_holder\"><span class='first_image_holder '><img src='http:\/\/meetingpointhostels.com\/wp-content\/uploads\/2017\/02\/common-room-thumbnail-3.jpg' alt='Sala com\u00fan'><\/span><span class='carousel_image_overlay'><\/span><\/div><\/li><li class='item'><div class=\"carousel_item_holder\"><span class='first_image_holder '><img src='http:\/\/meetingpointhostels.com\/wp-content\/uploads\/2017\/02\/common-room-thumbnail-1.jpg' alt='Sala com\u00fan'><\/span><span class='carousel_image_overlay'><\/span><\/div><\/li><li class='item'><div class=\"carousel_item_holder\"><span class='first_image_holder '><img src='http:\/\/meetingpointhostels.com\/wp-content\/uploads\/2017\/02\/common-room-thumbnail-2.jpg' alt='Sala com\u00fan'><\/span><span class='carousel_image_overlay'><\/span><\/div><\/li><li class='item'><div class=\"carousel_item_holder\"><span class='first_image_holder '><img src='http:\/\/meetingpointhostels.com\/wp-content\/uploads\/2017\/02\/common-room-thumbnail-thumbnail-4.jpg' alt='Sala com\u00fan'><\/span><span class='carousel_image_overlay'><\/span><\/div><\/li><\/ul><\/div><\/div>[\/vc_column][\/vc_row][vc_row row_type=\u00bbrow\u00bb use_row_as_full_screen_section=\u00bbno\u00bb type=\u00bbgrid\u00bb text_align=\u00bbleft\u00bb background_animation=\u00bbnone\u00bb padding_top=\u00bb95&#8243; padding_bottom=\u00bb0&#8243; css_animation=\u00bb\u00bb][vc_column offset=\u00bbvc_col-lg-4&#8243;]<div class='q_icon_with_title   with_custom_icon'><div class=\"icon_holder \" style=\"margin: 0px 25px 55px 0px; \"><div class=\"icon_holder_inner\"><img loading=\"lazy\" decoding=\"async\" width=\"80\" height=\"81\" src=\"https:\/\/meetingpointhostels.com\/wp-content\/uploads\/2016\/07\/icon-wifi-computer-1.png\" class=\"attachment-full size-full\" alt=\"Free Wi-Fi &amp; guest computers\" \/><\/div><\/div><div class=\"icon_text_holder\" style=\"\"><div class=\"icon_text_inner\" style=\"\"><h5 class=\"icon_title\" style=\"\">Wi-Fi gratis<\/h5><p style=''>y ordenadores<\/p><\/div><\/div><\/div>[vc_empty_space height=\u00bb30px\u00bb][\/vc_column][vc_column offset=\u00bbvc_col-lg-4&#8243;]<div class='q_icon_with_title   with_custom_icon'><div class=\"icon_holder \" style=\"margin: 0px 25px 55px 0px; \"><div class=\"icon_holder_inner\"><img loading=\"lazy\" decoding=\"async\" width=\"80\" height=\"80\" src=\"https:\/\/meetingpointhostels.com\/wp-content\/uploads\/2016\/07\/icon-lockers.png\" class=\"attachment-full size-full\" alt=\"Free lockers &amp; luggage storage room\" \/><\/div><\/div><div class=\"icon_text_holder\" style=\"\"><div class=\"icon_text_inner\" style=\"\"><h5 class=\"icon_title\" style=\"\">Taquillas gratis<\/h5><p style=''>y consigna de equipaje<\/p><\/div><\/div><\/div>[vc_empty_space height=\u00bb30px\u00bb][\/vc_column][vc_column offset=\u00bbvc_col-lg-4&#8243;]<div class='q_icon_with_title   with_custom_icon'><div class=\"icon_holder \" style=\"margin: 0px 25px 55px 0px; \"><div class=\"icon_holder_inner\"><img loading=\"lazy\" decoding=\"async\" width=\"80\" height=\"80\" src=\"https:\/\/meetingpointhostels.com\/wp-content\/uploads\/2016\/07\/icon-air-conditioner.png\" class=\"attachment-full size-full\" alt=\"Hot &amp; Cold AC\" \/><\/div><\/div><div class=\"icon_text_holder\" style=\"\"><div class=\"icon_text_inner\" style=\"\"><h5 class=\"icon_title\" style=\"\">Aire acondicionado<\/h5><p style=''>y calefacci\u00f3n<\/p><\/div><\/div><\/div>[vc_empty_space height=\u00bb30px\u00bb][\/vc_column][\/vc_row][vc_row row_type=\u00bbrow\u00bb use_row_as_full_screen_section=\u00bbno\u00bb type=\u00bbgrid\u00bb text_align=\u00bbleft\u00bb background_animation=\u00bbnone\u00bb padding_top=\u00bb10&#8243; padding_bottom=\u00bb15&#8243; css_animation=\u00bb\u00bb][vc_column offset=\u00bbvc_col-lg-4&#8243;]<div class='q_icon_with_title   with_custom_icon'><div class=\"icon_holder \" style=\"margin: 0px 25px 55px 0px; \"><div class=\"icon_holder_inner\"><img loading=\"lazy\" decoding=\"async\" width=\"80\" height=\"80\" src=\"https:\/\/meetingpointhostels.com\/wp-content\/uploads\/2016\/07\/icon-bed-linen.png\" class=\"attachment-full size-full\" alt=\"Free bed linen\" \/><\/div><\/div><div class=\"icon_text_holder\" style=\"\"><div class=\"icon_text_inner\" style=\"\"><h5 class=\"icon_title\" style=\"\">Ropa de cama<\/h5><p style=''>Incluida en el precio<\/p><\/div><\/div><\/div>[vc_empty_space height=\u00bb30px\u00bb][\/vc_column][vc_column offset=\u00bbvc_col-lg-4&#8243;]<div class='q_icon_with_title   with_custom_icon'><div class=\"icon_holder \" style=\"margin: 0px 25px 55px 0px; \"><div class=\"icon_holder_inner\"><img loading=\"lazy\" decoding=\"async\" width=\"80\" height=\"80\" src=\"https:\/\/meetingpointhostels.com\/wp-content\/uploads\/2016\/07\/icon-towel-rental.png\" class=\"attachment-full size-full\" alt=\"Towel rental\" \/><\/div><\/div><div class=\"icon_text_holder\" style=\"\"><div class=\"icon_text_inner\" style=\"\"><h5 class=\"icon_title\" style=\"\">Alquiler de toallas<\/h5><p style=''>2\u20ac<\/p><\/div><\/div><\/div>[vc_empty_space height=\u00bb30px\u00bb][\/vc_column][vc_column offset=\u00bbvc_col-lg-4&#8243;]<div class='q_icon_with_title   with_custom_icon'><div class=\"icon_holder \" style=\"margin: 0px 25px 55px 0px; \"><div class=\"icon_holder_inner\"><img loading=\"lazy\" decoding=\"async\" width=\"80\" height=\"80\" src=\"https:\/\/meetingpointhostels.com\/wp-content\/uploads\/2016\/07\/icon-laundry.png\" class=\"attachment-full size-full\" alt=\"Laundry service\" \/><\/div><\/div><div class=\"icon_text_holder\" style=\"\"><div class=\"icon_text_inner\" style=\"\"><h5 class=\"icon_title\" style=\"\">Lavander\u00eda<\/h5><p style=''>3\u20ac por lavado, 4\u20ac por secado<\/p><\/div><\/div><\/div>[vc_empty_space height=\u00bb30px\u00bb][\/vc_column][\/vc_row][vc_row row_type=\u00bbrow\u00bb use_row_as_full_screen_section=\u00bbno\u00bb type=\u00bbgrid\u00bb text_align=\u00bbleft\u00bb background_animation=\u00bbnone\u00bb padding_top=\u00bb10&#8243; padding_bottom=\u00bb30&#8243; css_animation=\u00bb\u00bb][vc_column offset=\u00bbvc_col-lg-4&#8243;]<div class='q_icon_with_title   with_custom_icon'><div class=\"icon_holder \" style=\"margin: 0px 25px 80px 0px; \"><div class=\"icon_holder_inner\"><img loading=\"lazy\" decoding=\"async\" width=\"80\" height=\"80\" src=\"https:\/\/meetingpointhostels.com\/wp-content\/uploads\/2016\/07\/icon-terrace-1.png\" class=\"attachment-full size-full\" alt=\"Patio\" \/><\/div><\/div><div class=\"icon_text_holder\" style=\"\"><div class=\"icon_text_inner\" style=\"\"><h5 class=\"icon_title\" style=\"\">Patio<\/h5><p style=''>Espacioso y acogedor<\/p><\/div><\/div><\/div>[vc_empty_space height=\u00bb30px\u00bb][\/vc_column][\/vc_row]<\/p>\n<\/div>","protected":false},"excerpt":{"rendered":"<p>[vc_row row_type=\u00bbrow\u00bb use_row_as_full_screen_section=\u00bbno\u00bb type=\u00bbgrid\u00bb text_align=\u00bbcenter\u00bb background_animation=\u00bbnone\u00bb padding_top=\u00bb70&#8243; padding_bottom=\u00bb50&#8243; css_animation=\u00bb\u00bb][vc_column offset=\u00bbvc_col-lg-4&#8243;][vc_single_image image=\u00bb653&#8243; img_size=\u00bbfull\u00bb qode_css_animation=\u00bb\u00bb][vc_empty_space height=\u00bb46px\u00bb][vc_column_text] Recepci\u00f3n [\/vc_column_text][vc_empty_space height=\u00bb18px\u00bb][vc_column_text]Personal amable y servicial, informaci\u00f3n tur\u00edstica, mapas de la ciudad gratuitos y consejos \u00fatiles sobre Barcelona.[\/vc_column_text][vc_empty_space height=\u00bb40px\u00bb][\/vc_column][vc_column offset=\u00bbvc_col-lg-4&#8243;][vc_single_image image=\u00bb588&#8243; img_size=\u00bbfull\u00bb qode_css_animation=\u00bb\u00bb][vc_empty_space height=\u00bb46px\u00bb][vc_column_text] Cocina compartida [\/vc_column_text][vc_empty_space height=\u00bb18px\u00bb][vc_column_text]Cocina bien equipada con&#8230;<\/p>\n","protected":false},"author":1,"featured_media":0,"parent":0,"menu_order":0,"comment_status":"closed","ping_status":"closed","template":"full_width.php","meta":{"footnotes":""},"class_list":["post-985","page","type-page","status-publish","hentry"],"_links":{"self":[{"href":"https:\/\/meetingpointhostels.com\/es\/wp-json\/wp\/v2\/pages\/985"}],"collection":[{"href":"https:\/\/meetingpointhostels.com\/es\/wp-json\/wp\/v2\/pages"}],"about":[{"href":"https:\/\/meetingpointhostels.com\/es\/wp-json\/wp\/v2\/types\/page"}],"author":[{"embeddable":true,"href":"https:\/\/meetingpointhostels.com\/es\/wp-json\/wp\/v2\/users\/1"}],"replies":[{"embeddable":true,"href":"https:\/\/meetingpointhostels.com\/es\/wp-json\/wp\/v2\/comments?post=985"}],"version-history":[{"count":11,"href":"https:\/\/meetingpointhostels.com\/es\/wp-json\/wp\/v2\/pages\/985\/revisions"}],"predecessor-version":[{"id":1228,"href":"https:\/\/meetingpointhostels.com\/es\/wp-json\/wp\/v2\/pages\/985\/revisions\/1228"}],"wp:attachment":[{"href":"https:\/\/meetingpointhostels.com\/es\/wp-json\/wp\/v2\/media?parent=985"}],"curies":[{"name":"wp","href":"https:\/\/api.w.org\/{rel}","templated":true}]}}