{"id":957,"date":"2016-03-23T11:29:05","date_gmt":"2016-03-23T11:29:05","guid":{"rendered":"http:\/\/meetingpointhostels.com\/home\/"},"modified":"2022-05-19T16:56:31","modified_gmt":"2022-05-19T16:56:31","slug":"home","status":"publish","type":"page","link":"https:\/\/meetingpointhostels.com\/es\/","title":{"rendered":"Inicio"},"content":{"rendered":"<div class=\"wpb-content-wrapper\"><p>[vc_row row_type=\u00bbrow\u00bb use_row_as_full_screen_section=\u00bbno\u00bb type=\u00bbgrid\u00bb text_align=\u00bbleft\u00bb background_animation=\u00bbnone\u00bb padding_top=\u00bb106&#8243; padding_bottom=\u00bb84&#8243; css_animation=\u00bb\u00bb css=\u00bb.vc_custom_1459415769598{background-color: #f7f7f7 !important;}\u00bb][vc_column offset=\u00bbvc_col-lg-6&#8243;][vc_row_inner row_type=\u00bbrow\u00bb type=\u00bbfull_width\u00bb use_row_as_full_screen_section_slide=\u00bbno\u00bb text_align=\u00bbright\u00bb css_animation=\u00bb\u00bb][vc_column_inner][qode_elements_holder number_of_columns=\u00bbone_column\u00bb][qode_elements_holder_item item_padding=\u00bb0 9% 0 0&#8243;][vc_column_text el_class=\u00bbcustom_font_resize\u00bb]<\/p>\n<h1>Bienvenidos a Meeting Point Hostels<\/h1>\n<p>[\/vc_column_text][vc_empty_space height=\u00bb26px\u00bb][vc_single_image image=\u00bb25&#8243; img_size=\u00bbfull\u00bb alignment=\u00bbright\u00bb qode_css_animation=\u00bb\u00bb][vc_empty_space height=\u00bb40px\u00bb][\/qode_elements_holder_item][\/qode_elements_holder][\/vc_column_inner][\/vc_row_inner][\/vc_column][vc_column offset=\u00bbvc_col-lg-6&#8243;][vc_empty_space height=\u00bb11px\u00bb][vc_column_text]<span style=\"font-size: 18px;\">\u00a1Hola! Somos Meeting Point Hostels, un moderno albergue situado en Barcelona con un ambiente amigable e internacional. Ofrecemos todas las instalaciones y servicios necesarios para hacer que su estancia sea c\u00f3moda. Todas nuestras habitaciones cuentan con ba\u00f1o privado. El albergue se encuentra cerca de la estaci\u00f3n de tren de Sants, una ubicaci\u00f3n perfecta para hacer turismo por Barcelona y sus alrededores.<\/span>[\/vc_column_text][vc_empty_space height=\u00bb40px\u00bb][\/vc_column][\/vc_row]<\/p>\n<\/div>","protected":false},"excerpt":{"rendered":"<p>[vc_row row_type=\u00bbrow\u00bb use_row_as_full_screen_section=\u00bbno\u00bb type=\u00bbgrid\u00bb text_align=\u00bbleft\u00bb background_animation=\u00bbnone\u00bb padding_top=\u00bb106&#8243; padding_bottom=\u00bb84&#8243; css_animation=\u00bb\u00bb css=\u00bb.vc_custom_1459415769598{background-color: #f7f7f7 !important;}\u00bb][vc_column offset=\u00bbvc_col-lg-6&#8243;][vc_row_inner row_type=\u00bbrow\u00bb type=\u00bbfull_width\u00bb use_row_as_full_screen_section_slide=\u00bbno\u00bb text_align=\u00bbright\u00bb css_animation=\u00bb\u00bb][vc_column_inner][qode_elements_holder number_of_columns=\u00bbone_column\u00bb][qode_elements_holder_item item_padding=\u00bb0 9% 0 0&#8243;][vc_column_text el_class=\u00bbcustom_font_resize\u00bb] Bienvenidos a Meeting Point Hostels [\/vc_column_text][vc_empty_space height=\u00bb26px\u00bb][vc_single_image image=\u00bb25&#8243; img_size=\u00bbfull\u00bb alignment=\u00bbright\u00bb qode_css_animation=\u00bb\u00bb][vc_empty_space height=\u00bb40px\u00bb][\/qode_elements_holder_item][\/qode_elements_holder][\/vc_column_inner][\/vc_row_inner][\/vc_column][vc_column offset=\u00bbvc_col-lg-6&#8243;][vc_empty_space height=\u00bb11px\u00bb][vc_column_text]\u00a1Hola! Somos Meeting Point Hostels, un moderno albergue&#8230;<\/p>\n","protected":false},"author":1,"featured_media":0,"parent":0,"menu_order":0,"comment_status":"closed","ping_status":"closed","template":"full_width.php","meta":{"footnotes":""},"class_list":["post-957","page","type-page","status-publish","hentry"],"_links":{"self":[{"href":"https:\/\/meetingpointhostels.com\/es\/wp-json\/wp\/v2\/pages\/957"}],"collection":[{"href":"https:\/\/meetingpointhostels.com\/es\/wp-json\/wp\/v2\/pages"}],"about":[{"href":"https:\/\/meetingpointhostels.com\/es\/wp-json\/wp\/v2\/types\/page"}],"author":[{"embeddable":true,"href":"https:\/\/meetingpointhostels.com\/es\/wp-json\/wp\/v2\/users\/1"}],"replies":[{"embeddable":true,"href":"https:\/\/meetingpointhostels.com\/es\/wp-json\/wp\/v2\/comments?post=957"}],"version-history":[{"count":10,"href":"https:\/\/meetingpointhostels.com\/es\/wp-json\/wp\/v2\/pages\/957\/revisions"}],"predecessor-version":[{"id":1247,"href":"https:\/\/meetingpointhostels.com\/es\/wp-json\/wp\/v2\/pages\/957\/revisions\/1247"}],"wp:attachment":[{"href":"https:\/\/meetingpointhostels.com\/es\/wp-json\/wp\/v2\/media?parent=957"}],"curies":[{"name":"wp","href":"https:\/\/api.w.org\/{rel}","templated":true}]}}