{"id":1109,"date":"2018-09-06T21:33:21","date_gmt":"2018-09-06T21:33:21","guid":{"rendered":"http:\/\/meetingpointhostels.com\/privacy-policy-and-cookies\/"},"modified":"2019-07-02T14:54:29","modified_gmt":"2019-07-02T14:54:29","slug":"aviso-legal","status":"publish","type":"page","link":"https:\/\/meetingpointhostels.com\/es\/aviso-legal\/","title":{"rendered":"Aviso legal"},"content":{"rendered":"<div class=\"wpb-content-wrapper\"><p>[vc_row row_type=\u00bbrow\u00bb use_row_as_full_screen_section=\u00bbno\u00bb type=\u00bbfull_width\u00bb text_align=\u00bbleft\u00bb background_animation=\u00bbnone\u00bb padding_top=\u00bb0&#8243; padding_bottom=\u00bb50&#8243; css_animation=\u00bb\u00bb][vc_column][vc_column_text]<\/p>\n<h5 style=\"padding-bottom: 5px; text-transform: none;\"><span class=\"tab-title-inner\">0. OBJETO<\/span><\/h5>\n<p>El presente aviso legal regula el uso y utilizaci\u00f3n del sitio web <em>www.meetingpointhostels.com<\/em>, del que es titular <em>Meeting Point Hostels S.L.<\/em> (en adelante, Meeting Point Hostels).<\/p>\n<p>La navegaci\u00f3n por el sitio web de Meeting Point Hostels le atribuye la condici\u00f3n de <em>Usuario<\/em> del mismo y conlleva su aceptaci\u00f3n plena y sin reservas de todas y cada una de las condiciones publicadas en este aviso legal, advirtiendo de que dichas condiciones podr\u00e1n ser modificadas sin notificaci\u00f3n previa por parte de Meeting Point Hostels, en cuyo caso se proceder\u00e1 a su publicaci\u00f3n y aviso con la m\u00e1xima antelaci\u00f3n posible.<\/p>\n<p>Por ello es recomendable leer atentamente su contenido en caso de desear acceder y hacer uso de la informaci\u00f3n y de los servicios ofrecidos desde este sitio web.<\/p>\n<p>El usuario adem\u00e1s, se obliga a hacer un uso correcto del sitio web de conformidad con las leyes, la buena fe, el orden p\u00fablico, los usos del tr\u00e1fico y el presente Aviso Legal, y responder\u00e1 frente a Meeting Point Hostels o frente a terceros, de cualesquiera da\u00f1os y perjuicios que pudieran causarse como consecuencia del incumplimiento de dicha obligaci\u00f3n.<\/p>\n<p>Cualquier utilizaci\u00f3n distinta a la autorizada est\u00e1 expresamente prohibida, pudiendo Meeting Point Hostels denegar o retirar el acceso y su uso en cualquier momento.[\/vc_column_text][vc_empty_space height=\u00bb35px\u00bb][vc_column_text]<\/p>\n<h5 style=\"padding-bottom: 5px; text-transform: none;\"><span class=\"tab-title-inner\">1. IDENTIFICACI\u00d3N<\/span><\/h5>\n<p>Meeting Point Hostels, en cumplimiento de la Ley 34\/2002, de 11 de julio, de Servicios de la Sociedad de la Informaci\u00f3n y de Comercio Electr\u00f3nico, le informa de que:<\/p>\n<ul>\n<li><strong>Su denominaci\u00f3n social es<\/strong>: Meeting Point Hostels S.L.<\/li>\n<li><strong>Su nombre comercial es<\/strong>: Meeting Point Hostels.<\/li>\n<li><strong>Su CIF es<\/strong>: B65676637.<\/li>\n<li><strong>Su domicilio social est\u00e1 en<\/strong>: Vallepir 20, 08014, Barcelona, Espa\u00f1a.<\/li>\n<li>Est\u00e1 inscrita en el Registro Mercantil de Barcelona, Tomo: 42929, Folio: 81, Hoja: B419551, Inscripci\u00f3n: 1.<\/li>\n<\/ul>\n<p>[\/vc_column_text][vc_empty_space height=\u00bb35px\u00bb][vc_column_text]<\/p>\n<h5 style=\"padding-bottom: 5px; text-transform: none;\"><span class=\"tab-title-inner\">2. COMUNICACIONES<\/span><\/h5>\n<p>Para comunicarse con nosotros, ponemos a su disposici\u00f3n diferentes medios de contacto que detallamos a continuaci\u00f3n:<\/p>\n<ul>\n<li><strong>Tel\u00e9fono<\/strong>: +34 934097446.<\/li>\n<li><strong>Email<\/strong>: hello@meetingpointhostels.com.<\/li>\n<li><strong>Direcci\u00f3n postal<\/strong>: Vallepir 20, 08014, Barcelona, Espa\u00f1a.<\/li>\n<\/ul>\n<p>Todas las notificaciones y comunicaciones entre los usuarios y Meeting Point Hostels se considerar\u00e1n eficaces, a todos los efectos, cuando se realicen a trav\u00e9s de cualquier medio de los detallados anteriormente.[\/vc_column_text][vc_empty_space height=\u00bb35px\u00bb][vc_column_text]<\/p>\n<h5 style=\"padding-bottom: 5px; text-transform: none;\"><span class=\"tab-title-inner\">3. CONDICIONES DE ACCESO Y UTILIZACI\u00d3N<\/span><\/h5>\n<p>El sitio web y sus servicios son de acceso libre y gratuito. No obstante, Meeting Point Hostels puede condicionar la utilizaci\u00f3n de algunos de los servicios ofrecidos en su web a la previa cumplimentaci\u00f3n del correspondiente formulario.<\/p>\n<p>El usuario garantiza la autenticidad y actualidad de todos aquellos datos que comunique a Meeting Point Hostels y ser\u00e1 el \u00fanico responsable de las manifestaciones falsas o inexactas que realice.<\/p>\n<p>El usuario se compromete expresamente a hacer un uso adecuado de los contenidos y servicios de Meeting Point Hostels y a no emplearlos para, entre otros:<\/p>\n<ol type=\"a\">\n<li>Difundir contenidos delictivos, violentos, pornogr\u00e1ficos, racistas, xen\u00f3fobos, ofensivos, de apolog\u00eda del terrorismo o, en general, contrarios a la ley o al orden p\u00fablico.<\/li>\n<li>Introducir en la red virus inform\u00e1ticos o realizar actuaciones susceptibles de alterar, estropear, interrumpir o generar errores o da\u00f1os en los documentos electr\u00f3nicos, datos o sistemas f\u00edsicos y l\u00f3gicos de Meeting Point Hostels o de terceras personas; as\u00ed como obstaculizar el acceso de otros usuarios al sitio web y a sus servicios mediante el consumo masivo de los recursos inform\u00e1ticos a trav\u00e9s de los cuales Meeting Point Hostels presta sus servicios.<\/li>\n<li>Intentar acceder a las cuentas de correo electr\u00f3nico de otros usuarios o a \u00e1reas restringidas de los sistemas inform\u00e1ticos de Meeting Point Hostels o de terceros y, en su caso, extraer informaci\u00f3n.<\/li>\n<li>Vulnerar los derechos de propiedad intelectual o industrial, as\u00ed como violar la confidencialidad de la informaci\u00f3n de Meeting Point Hostels o de terceros.<\/li>\n<li>Suplantar la identidad de cualquier otro usuario.<\/li>\n<li>Reproducir, copiar, distribuir, poner a disposici\u00f3n de, o cualquier otra forma de comunicaci\u00f3n p\u00fablica, transformar o modificar los contenidos, a menos que se cuente con la autorizaci\u00f3n del titular de los correspondientes derechos o ello resulte legalmente permitido.<\/li>\n<li>Recabar datos con finalidad publicitaria y de remitir publicidad de cualquier clase y comunicaciones con fines de venta u otras de naturaleza comercial sin que medie su previa solicitud o consentimiento.<\/li>\n<\/ol>\n<p>Todos los contenidos del sitio web, como textos, fotograf\u00edas, gr\u00e1ficos, im\u00e1genes, iconos, tecnolog\u00eda, software, as\u00ed como su dise\u00f1o gr\u00e1fico y c\u00f3digos fuente, constituyen una obra cuya propiedad pertenece a Meeting Point Hostels, sin que puedan entenderse cedidos al usuario ninguno de los derechos de explotaci\u00f3n sobre los mismos m\u00e1s all\u00e1 de lo estrictamente necesario para el correcto uso de la web.<\/p>\n<p>En definitiva, los usuarios que accedan a este sitio web pueden visualizar los contenidos y efectuar, en su caso, copias privadas autorizadas siempre que los elementos reproducidos no sean cedidos posteriormente a terceros, ni se instalen a servidores conectados a redes, ni sean objeto de ning\u00fan tipo de explotaci\u00f3n.<\/p>\n<p>Asimismo, todas las marcas, nombres comerciales o signos distintivos de cualquier clase que aparecen en el sitio web son propiedad de Meeting Point Hostels, sin que pueda entenderse que el uso o acceso al mismo atribuya al usuario derecho alguno sobre los mismos.<\/p>\n<p>La distribuci\u00f3n, modificaci\u00f3n, cesi\u00f3n o comunicaci\u00f3n p\u00fablica de los contenidos y cualquier otro acto que no haya sido expresamente autorizado por el titular de los derechos de explotaci\u00f3n quedan prohibidos.<\/p>\n<p>El establecimiento de un hiperenlace no implica en ning\u00fan caso la existencia de relaciones entre Meeting Point Hostels y el propietario del sitio web en la que se establezca, ni la aceptaci\u00f3n y aprobaci\u00f3n por parte de Meeting Point Hostels de sus contenidos o servicios.<\/p>\n<p>Meeting Point Hostels no se responsabiliza del uso que cada usuario le d\u00e9 a los materiales puestos a disposici\u00f3n en este sitio web ni de las actuaciones que realice en base a los mismos.<\/p>\n<h6 style=\"padding-bottom: 5px; text-transform: none;\"><span class=\"tab-title-inner\">3.1 EXCLUSI\u00d3N DE GARANT\u00cdAS Y DE RESPONSABILIDAD EN EL ACCESO Y LA UTILIZACI\u00d3N<\/span><\/h6>\n<p>El contenido del presente sitio web es de car\u00e1cter general y tiene una finalidad meramente informativa, sin que se garantice plenamente el acceso a todos los contenidos, ni su exhaustividad, correcci\u00f3n, vigencia o actualidad, ni su idoneidad o utilidad para un objetivo espec\u00edfico.<\/p>\n<p>Meeting Point Hostels excluye, hasta donde permite el ordenamiento jur\u00eddico, cualquier responsabilidad por los da\u00f1os y perjuicios de toda naturaleza derivados de:<\/p>\n<ol type=\"a\">\n<li>La imposibilidad de acceso al sitio web o la falta de veracidad, exactitud, exhaustividad y\/o actualidad de los contenidos, as\u00ed como la existencia de vicios y defectos de toda clase de los contenidos transmitidos, difundidos, almacenados, puestos a disposici\u00f3n, a los que se haya accedido a trav\u00e9s del sitio web o de los servicios que se ofrecen.<\/li>\n<li>La presencia de virus o de otros elementos en los contenidos que puedan producir alteraciones en los sistemas inform\u00e1ticos, documentos electr\u00f3nicos o datos de los usuarios.<\/li>\n<li>El incumplimiento de las leyes, la buena fe, el orden p\u00fablico, los usos del tr\u00e1fico y el presente aviso legal como consecuencia del uso incorrecto del sitio web. En particular, y a modo ejemplificativo,Meeting Point Hostels no se hace responsable de las actuaciones de terceros que vulneren derechos de propiedad intelectual e industrial, secretos empresariales, derechos al honor, a la intimidad personal y familiar y a la propia imagen, as\u00ed como la normativa en materia de competencia desleal y publicidad il\u00edcita.<\/li>\n<\/ol>\n<p>Asimismo, Meeting Point Hostels declina cualquier responsabilidad respecto a la informaci\u00f3n que se halle fuera de esta web y no sea gestionada directamente por nuestro webmaster. La funci\u00f3n de los enlaces que aparecen en esta web es exclusivamente la de informar al usuario sobre la existencia de otras fuentes susceptibles de ampliar los contenidos que ofrece este sitio web. Meeting Point Hostels no garantiza ni se responsabiliza del funcionamiento o accesibilidad de los sitios enlazados; ni sugiere, invita o recomienda la visita a los mismos, por lo que tampoco ser\u00e1 responsable del resultado obtenido. Meeting Point Hostels no se responsabiliza del establecimiento de hiperv\u00ednculos por parte de terceros.<\/p>\n<h6 style=\"padding-bottom: 5px; text-transform: none;\"><span class=\"tab-title-inner\">3.2 PROCEDIMIENTO EN CASO DE REALIZACI\u00d3N DE ACTIVIDADES DE CAR\u00c1CTER IL\u00cdCITO<\/span><\/h6>\n<p>En el caso de que cualquier usuario o un tercero considere que existen hechos o circunstancias que revelen el car\u00e1cter il\u00edcito de la utilizaci\u00f3n de cualquier contenido y\/o de la realizaci\u00f3n de cualquier actividad en las p\u00e1ginas web incluidas o accesibles a trav\u00e9s del sitio web, deber\u00e1 enviar una notificaci\u00f3n a Meeting Point Hostels identific\u00e1ndose debidamente y especificando las supuestas infracciones.<\/p>\n<h6 style=\"padding-bottom: 5px; text-transform: none;\"><span class=\"tab-title-inner\">3.3 PUBLICACIONES<\/span><\/h6>\n<p>La informaci\u00f3n administrativa facilitada a trav\u00e9s del sitio web no sustituye la publicidad legal de las leyes, normativas, planes, disposiciones generales y actos que tengan que ser publicados formalmente a los diarios oficiales de las administraciones p\u00fablicas, que constituyen el \u00fanico instrumento que da fe de su autenticidad y contenido. La informaci\u00f3n disponible en este sitio web debe entenderse como una gu\u00eda sin prop\u00f3sito de validez legal.<\/p>\n<h6 style=\"padding-bottom: 5px; text-transform: none;\"><span class=\"tab-title-inner\">3.4 POLITICA DE ENLACES<\/span><\/h6>\n<p>La presencia de enlaces en la p\u00e1gina web de Meeting Point Hostels hacia otros sitios de Internet tiene finalidad meramente informativa y en ning\u00fan caso suponen sugerencia, invitaci\u00f3n o recomendaci\u00f3n sobre los mismos. Meeting Point Hostels no asumir\u00e1 responsabilidad por los contenidos de un enlace perteneciente a un sitio web ajeno, ni garantizar\u00e1 la fiabilidad, exactitud, amplitud, veracidad, validez y disponibilidad t\u00e9cnica.<\/p>\n<p>En el caso de que en otros sitios web se establezcan enlaces a la p\u00e1gina web de Meeting Point Hostels, no se entender\u00e1 que Meeting Point Hostels ha autorizado el enlace o el contenido del sitio web en el que se contiene el enlace, tampoco podr\u00e1 incluirse en la p\u00e1gina del enlace contenidos inapropiados, difamatorios, ilegales, obscenos o il\u00edcitos, ni otros contenidos que sean contrarios a la legalidad vigente.<\/p>\n<p>Meeting Point Hostels se reserva la posibilidad de contactar con el propietario del sitio web en el que se establezca el enlace si considera que se incumple la normativa, as\u00ed como de ejercitar las correspondientes acciones judiciales y extrajudiciales.<\/p>\n<h6 style=\"padding-bottom: 5px; text-transform: none;\"><span class=\"tab-title-inner\">3.5 MODIFICACI\u00d3N DE LAS CONDICIONES<\/span><\/h6>\n<p>Meeting Point Hostels se reserva expresamente el derecho a modificar unilateralmente, total o parcialmente, sin necesidad de previo aviso, el presente Aviso Legal. El usuario reconoce y acepta que es su responsabilidad revisar peri\u00f3dicamente el presente Aviso Legal.<br \/>\n[\/vc_column_text][vc_empty_space height=\u00bb35px\u00bb][vc_column_text]<a name=\"politica-de-privacidad\"><\/a><\/p>\n<h5 style=\"padding-bottom: 5px; text-transform: none;\"><span class=\"tab-title-inner\">4. POL\u00cdTICA DE PRIVACIDAD<\/span><\/h5>\n<p>Cuando precisemos obtener informaci\u00f3n por su parte, siempre le solicitaremos que nos la proporcione voluntariamente de forma expresa. Los datos recabados a trav\u00e9s de los formularios de recogida de datos del sitio web u otras v\u00edas, ser\u00e1n incorporados a un fichero de datos de car\u00e1cter personal debidamente inscrito en el Registro General de Protecci\u00f3n de Datos de la Agencia Espa\u00f1ola de Protecci\u00f3n de Datos, del cual es responsable Meeting Point Hostels S.L. Nuestra entidad tratar\u00e1 los datos de forma confidencial y exclusivamente con la finalidad de ofrecer los servicios solicitados, con todas las garant\u00edas legales y de seguridad que impone la Ley Org\u00e1nica 15\/1999, de 13 de diciembre, de Protecci\u00f3n de Datos de Car\u00e1cter Personal, el Real Decreto 1720\/2007, de 21 de diciembre y la Ley 34\/2002, de 11 de julio, de Servicios de la Sociedad de la Informaci\u00f3n y de Comercio Electr\u00f3nico.<\/p>\n<p>Meeting Point Hostels S.L. no ceder\u00e1 ni compartir\u00e1 los datos con terceros sin su consentimiento expreso.<\/p>\n<p>Asimismo, Meeting Point Hostels S.L., cancelar\u00e1 o rectificar\u00e1 los datos cuando resulten inexactos, incompletos o hayan dejado de ser necesarios o pertinentes para su finalidad, de conformidad con lo previsto en la Ley Org\u00e1nica 15\/1999, de 13 de diciembre, de Protecci\u00f3n de Datos de Car\u00e1cter Personal.<\/p>\n<p>El usuario podr\u00e1 revocar el consentimiento prestado y ejercer los derechos de acceso, rectificaci\u00f3n, cancelaci\u00f3n y oposici\u00f3n dirigi\u00e9ndose a tal efecto al domicilio siguiente: Meeting Point Hostels S.L., sito en Carrer del Vallespir 20, 08014, Barcelona, Espa\u00f1a, o en la direcci\u00f3n de correo electr\u00f3nico hello@meetingpointhostels.com, identific\u00e1ndose debidamente e indicando de forma expresa el concreto derecho que se quiere ejercer.<\/p>\n<p>Meeting Point Hostels S.L. adopta los niveles de seguridad correspondientes requeridos por la citada Ley Org\u00e1nica 15\/1999 y dem\u00e1s normativa aplicable. No obstante, no puede garantizar la absoluta invulnerabilidad de los sistemas, por tanto, no asume ninguna responsabilidad por los da\u00f1os y perjuicios derivados de alteraciones que terceros puedan causar en los sistemas inform\u00e1ticos, documentos electr\u00f3nicos o ficheros del usuario.<\/p>\n<p>Si opta por abandonar nuestro sitio web a trav\u00e9s de enlaces a sitios web no pertenecientes a nuestra entidad, Meeting Point Hostels S.L. no se har\u00e1 responsable de las pol\u00edticas de privacidad de dichos sitios web ni de las cookies que \u00e9stos puedan almacenar en el ordenador del usuario.<\/p>\n<p>Nuestra pol\u00edtica con respecto al correo electr\u00f3nico se centra en remitir \u00fanicamente comunicaciones que usted haya solicitado recibir.<\/p>\n<p>Si prefiere no recibir estos mensajes por correo electr\u00f3nico le ofreceremos a trav\u00e9s de los mismos la posibilidad de ejercer su derecho de cancelaci\u00f3n y renuncia a la recepci\u00f3n de estos mensajes, en conformidad con lo dispuesto en el T\u00edtulo III, art\u00edculo 22 de la Ley 34\/2002, de Servicios para la Sociedad de la Informaci\u00f3n y de Comercio Electr\u00f3nico.[\/vc_column_text][vc_empty_space height=\u00bb35px\u00bb][vc_column_text]<a name=\"cookies\"><\/a><\/p>\n<h5 style=\"padding-bottom: 5px; text-transform: none;\"><span class=\"tab-title-inner\">5. POL\u00cdTICA DE COOKIES<\/span><\/h5>\n<h6 style=\"padding-bottom: 5px; text-transform: none;\"><span class=\"tab-title-inner\">5.1 \u00bfQU\u00c9 SON LAS COOKIES?<\/span><\/h6>\n<p>Una cookie es un fichero que se descarga en su ordenador al acceder a determinadas p\u00e1ginas web. Las cookies permiten a una p\u00e1gina web, entre otras cosas, almacenar y recuperar informaci\u00f3n sobre h\u00e1bitos de navegaci\u00f3n de un usuario o de su equipo y, dependiendo de la informaci\u00f3n que contengan y de la forma que utilice su equipo, pueden utilizarse para reconocer al usuario.<\/p>\n<h6 style=\"padding-bottom: 5px; text-transform: none;\"><span class=\"tab-title-inner\">5.2 \u00bfPARA QU\u00c9 UTILIZA LAS COOKIES ESTA P\u00c1GINA WEB Y CU\u00c1LES SON?<\/span><\/h6>\n<p>Esta p\u00e1gina web utiliza las cookies para una serie de finalidades, incluidas:<\/p>\n<ul>\n<li><strong>An\u00e1lisis<\/strong>: son aquellas cookies que bien, tratadas por nosotros o por terceros, nos permiten cuantificar el n\u00famero de usuarios y as\u00ed realizar la medici\u00f3n y an\u00e1lisis estad\u00edstico de la utilizaci\u00f3n que hacen los usuarios del servicio. Para ello se analiza su navegaci\u00f3n en nuestra p\u00e1gina web con el fin de mejorar la experiencia del usuario.<\/li>\n<\/ul>\n<p>El detalle de las cookies utilizadas en esta p\u00e1gina web es el siguiente:<\/p>\n<ul>\n<li><strong>Cookies<\/strong>: _utma, _utmb, _utmc, _utmz, _ga, _gat.<\/li>\n<li><strong>Nombre<\/strong>: Google Analytics.<\/li>\n<li><strong>Tipo<\/strong>: De terceros.<\/li>\n<li><strong>Prop\u00f3sito<\/strong>: Recoger informaci\u00f3n sobre la navegaci\u00f3n de los usuarios por el sitio con el fin de conocer el origen de las visitas y otros datos similares a nivel estad\u00edstico. No obtiene datos de los nombres o apellidos de los usuarios ni de la direcci\u00f3n postal concreta desde donde se conectan.<\/li>\n<li><strong>M\u00e1s informaci\u00f3n<\/strong>: Google Analytics Centro de privacidad de Google &#8211; <a href=\"http:\/\/www.google.com\/intl\/es\/policies\/privacy\/\" target=\"_blank\" rel=\"noopener noreferrer\">http:\/\/www.google.com\/intl\/es\/policies\/privacy\/<\/a><\/li>\n<\/ul>\n<p><em><strong>Nota<\/strong>: Las cookies de tipo &#8216;Propias&#8217; son utilizadas s\u00f3lo por el propietario de esta web y las cookies &#8216;De terceros&#8217; son utilizadas, por el prestador del servicio que est\u00e1 detallado en el cuadro anterior.<\/em><\/p>\n<h6 style=\"padding-bottom: 5px; text-transform: none;\"><span class=\"tab-title-inner\">5.3 \u00bfC\u00d3MO PUEDO DESACTIVAR O ELIMINAR ESTAS COOKIES?<\/span><\/h6>\n<p>Puede usted permitir, bloquear o eliminar las cookies instaladas en su equipo mediante la configuraci\u00f3n de las opciones del navegador instalado en su ordenador:<\/p>\n<ul>\n<li><strong>Firefox<\/strong>: <a href=\"https:\/\/support.mozilla.org\/es\/kb\/habilitar-y-deshabilitar-cookies-sitios-web-rastrear-preferencias\" target=\"_blank\" rel=\"noopener noreferrer\">https:\/\/support.mozilla.org\/es\/kb\/habilitar-y-deshabilitar-cookies-sitios-web-rastrear-preferencias<\/a><\/li>\n<li><strong>Chrome<\/strong>: <a href=\"https:\/\/support.google.com\/chrome\/answer\/95647?hl=es\" target=\"_blank\" rel=\"noopener noreferrer\">https:\/\/support.google.com\/chrome\/answer\/95647?hl=es<\/a><\/li>\n<li><strong>Explorer<\/strong>: <a href=\"https:\/\/support.microsoft.com\/es-es\/help\/17442\/windows-internet-explorer-delete-manage-cookies\" target=\"_blank\" rel=\"noopener noreferrer\">https:\/\/support.microsoft.com\/es-es\/help\/17442\/windows-internet-explorer-delete-manage-cookies<\/a><\/li>\n<li><strong>Safari<\/strong>: <a href=\"https:\/\/support.apple.com\/es-es\/guide\/safari\/manage-cookies-and-website-data-sfri11471\/mac\" target=\"_blank\" rel=\"noopener noreferrer\">https:\/\/support.apple.com\/es-es\/guide\/safari\/manage-cookies-and-website-data-sfri11471\/mac<\/a><\/li>\n<li><strong>Opera<\/strong>: <a href=\"https:\/\/help.opera.com\/en\/latest\/security-and-privacy\/\" target=\"_blank\" rel=\"noopener noreferrer\">https:\/\/help.opera.com\/en\/latest\/security-and-privacy\/<\/a><\/li>\n<li><strong>Otros navegadores<\/strong>: Consulte la documentaci\u00f3n del navegador que tenga instalado.<\/li>\n<li><em><strong>Complemento de inhabilitaci\u00f3n para navegadores de Google Analytics<\/strong>: Si desea rechazar las cookies anal\u00edticas de Google Analytics en todos los navegadores, de forma que no se env\u00ede informaci\u00f3n suya a Google Analytics, puede descargar un complemento que realiza esta funci\u00f3n desde este enlace &#8211; <a href=\"https:\/\/tools.google.com\/dlpage\/gaoptout?hl=es\" target=\"_blank\" rel=\"noopener noreferrer\">https:\/\/tools.google.com\/dlpage\/gaoptout?hl=es<\/a>.<\/em><\/li>\n<\/ul>\n<p>[\/vc_column_text][vc_empty_space height=\u00bb35px\u00bb][vc_column_text]<\/p>\n<h5 style=\"padding-bottom: 5px; text-transform: none;\"><span class=\"tab-title-inner\">6. LEGISLACI\u00d3N APLICABLE<\/span><\/h5>\n<p>Estas condiciones generales, incluidos los anexos y todos los asuntos relacionados con el mismo, se regir\u00e1n por y deber\u00e1n ser interpretados en virtud de la ley espa\u00f1ola. Cualquier acci\u00f3n o procedimiento derivado de o en relaci\u00f3n con este encargo se someter\u00e1 a la jurisdicci\u00f3n y competencia de los tribunales de Barcelona y\/o donde radique el domicilio del interesado.<\/p>\n<p>La lengua utilizada ser\u00e1 el Castellano.<br \/>\n[\/vc_column_text][vc_empty_space height=\u00bb35px\u00bb][\/vc_column][\/vc_row]<\/p>\n<\/div>","protected":false},"excerpt":{"rendered":"<p>[vc_row row_type=\u00bbrow\u00bb use_row_as_full_screen_section=\u00bbno\u00bb type=\u00bbfull_width\u00bb text_align=\u00bbleft\u00bb background_animation=\u00bbnone\u00bb padding_top=\u00bb0&#8243; padding_bottom=\u00bb50&#8243; css_animation=\u00bb\u00bb][vc_column][vc_column_text] 0. OBJETO El presente aviso legal regula el uso y utilizaci\u00f3n del sitio web www.meetingpointhostels.com, del que es titular Meeting Point Hostels S.L. (en adelante, Meeting Point Hostels). La navegaci\u00f3n por el sitio web de Meeting&#8230;<\/p>\n","protected":false},"author":1,"featured_media":0,"parent":0,"menu_order":0,"comment_status":"closed","ping_status":"closed","template":"","meta":{"footnotes":""},"class_list":["post-1109","page","type-page","status-publish","hentry"],"_links":{"self":[{"href":"https:\/\/meetingpointhostels.com\/es\/wp-json\/wp\/v2\/pages\/1109"}],"collection":[{"href":"https:\/\/meetingpointhostels.com\/es\/wp-json\/wp\/v2\/pages"}],"about":[{"href":"https:\/\/meetingpointhostels.com\/es\/wp-json\/wp\/v2\/types\/page"}],"author":[{"embeddable":true,"href":"https:\/\/meetingpointhostels.com\/es\/wp-json\/wp\/v2\/users\/1"}],"replies":[{"embeddable":true,"href":"https:\/\/meetingpointhostels.com\/es\/wp-json\/wp\/v2\/comments?post=1109"}],"version-history":[{"count":15,"href":"https:\/\/meetingpointhostels.com\/es\/wp-json\/wp\/v2\/pages\/1109\/revisions"}],"predecessor-version":[{"id":1186,"href":"https:\/\/meetingpointhostels.com\/es\/wp-json\/wp\/v2\/pages\/1109\/revisions\/1186"}],"wp:attachment":[{"href":"https:\/\/meetingpointhostels.com\/es\/wp-json\/wp\/v2\/media?parent=1109"}],"curies":[{"name":"wp","href":"https:\/\/api.w.org\/{rel}","templated":true}]}}