{"id":1067,"date":"2016-03-30T11:36:18","date_gmt":"2016-03-30T11:36:18","guid":{"rendered":"http:\/\/meetingpointhostels.com\/how-to-get-to-meeting-point-hostels\/"},"modified":"2018-09-07T01:37:20","modified_gmt":"2018-09-07T01:37:20","slug":"como-llegar-a-meeting-point-hostels","status":"publish","type":"page","link":"https:\/\/meetingpointhostels.com\/es\/como-llegar-a-meeting-point-hostels\/","title":{"rendered":"C\u00f3mo llegar"},"content":{"rendered":"<div class=\"wpb-content-wrapper\"><p>[vc_row row_type=\u00bbrow\u00bb use_row_as_full_screen_section=\u00bbno\u00bb type=\u00bbgrid\u00bb text_align=\u00bbcenter\u00bb background_animation=\u00bbnone\u00bb padding_top=\u00bb60&#8243; padding_bottom=\u00bb30&#8243; css_animation=\u00bb\u00bb][vc_column][vc_column_text]<\/p>\n<div class=\"vc_row wpb_row section vc_row-fluid grid_section\" style=\"padding: 0px; text-align: left; margin-left: 0px; margin-right: 0px;\">\n<div class=\" section_inner clearfix\">\n<div class=\"section_inner_margin clearfix\">\n<div class=\"wpb_column vc_column_container vc_col-sm-12 vc_col-lg-4\">\n<div class=\"vc_column-inner\">\n<div class=\"wpb_wrapper\">\n<div class=\"q_icon_with_title with_custom_icon\">\n<div class=\"icon_holder\" style=\"margin: 0px 10px 0px 0px;\">\n<div class=\"icon_holder_inner\"><img decoding=\"async\" class=\"attachment-full size-full\" src=\"http:\/\/meetingpointhostels.com\/wp-content\/uploads\/2016\/10\/icon-location.png\" alt=\"Location\" width=\"40\" \/><\/div>\n<\/div>\n<div class=\"icon_text_holder\">\n<div class=\"icon_text_inner\">\n<h5 class=\"icon_title\" style=\"font-weight: 500; font-size: 16px; padding-top: 9px;\">Vallespir 20, 08014, Barcelona<\/h5>\n<\/div>\n<\/div>\n<\/div>\n<div class=\"vc_empty_space\" style=\"height: 30px;\"><\/div>\n<\/div>\n<\/div>\n<\/div>\n<div class=\"wpb_column vc_column_container vc_col-sm-12 vc_col-lg-4\">\n<div class=\"vc_column-inner\">\n<div class=\"wpb_wrapper\">\n<div class=\"q_icon_with_title with_custom_icon\">\n<div class=\"icon_holder\" style=\"margin: 0px 10px 0px 0px;\">\n<div class=\"icon_holder_inner\"><img decoding=\"async\" class=\"attachment-full size-full\" src=\"http:\/\/meetingpointhostels.com\/wp-content\/uploads\/2016\/10\/icon-phone.png\" alt=\"Call us\" width=\"40\" \/><\/div>\n<\/div>\n<div class=\"icon_text_holder\">\n<div class=\"icon_text_inner\">\n<h5 class=\"icon_title\" style=\"font-weight: 500; font-size: 16px; padding-top: 9px; text-transform: none;\">+34 934 097 446 (a todas horas)<\/h5>\n<\/div>\n<\/div>\n<\/div>\n<div class=\"vc_empty_space\" style=\"height: 30px;\"><\/div>\n<\/div>\n<\/div>\n<\/div>\n<div class=\"wpb_column vc_column_container vc_col-sm-12 vc_col-lg-4\">\n<div class=\"vc_column-inner \">\n<div class=\"wpb_wrapper\">\n<div class=\"q_icon_with_title with_custom_icon\">\n<div class=\"icon_holder \" style=\"margin: 0px 10px 0px 0px;\">\n<div class=\"icon_holder_inner\"><img decoding=\"async\" class=\"attachment-full size-full\" src=\"http:\/\/meetingpointhostels.com\/wp-content\/uploads\/2016\/10\/icon-email.png\" alt=\"Email us\" width=\"40\" \/><\/div>\n<\/div>\n<div class=\"icon_text_holder\">\n<div class=\"icon_text_inner\">\n<h5 class=\"icon_title\" style=\"font-weight: 500; font-size: 16px; padding-top: 9px; text-transform: none;\"><a href=\"mailto:hello@meetingpointhostels.com\">hello@meetingpointhostels.com<\/a><\/h5>\n<\/div>\n<\/div>\n<\/div>\n<\/div>\n<\/div>\n<\/div>\n<\/div>\n<\/div>\n<\/div>\n<p>[\/vc_column_text][vc_empty_space height=\u00bb50px\u00bb][vc_column_text]<\/p>\n<h2 style=\"font-size: 32px; text-transform: none;\">Alrededor del albergue<\/h2>\n<p>[\/vc_column_text][vc_empty_space height=\u00bb30px\u00bb][vc_column_text]El albergue est\u00e1 ubicado cerca de la estaci\u00f3n de tren de Sants y de las l\u00edneas de metro L1\/L3\/L5. El centro hist\u00f3rico de la ciudad y la plaza de Catalu\u00f1a se encuentran a unos 10 minutos en tren. El Camp Nou, la plaza de Espa\u00f1a, la Fira de Barcelona, el Poble Espanyol, el Palau Nacional y el CaixaForum est\u00e1n a solo 20 minutos a pie. Mientras La Sagrada Familia, la Pedrera (casa Mil\u00e0), la casa Batll\u00f3, el Port Vell y muchos otros lugares de inter\u00e9s quedan a 15-20 minutos en metro del albergue.[\/vc_column_text][vc_empty_space height=\u00bb90px\u00bb][vc_column_text]<\/p>\n<h2 style=\"font-size: 32px; text-transform: none;\">Desde el aeropuerto en transporte p\u00fablico<\/h2>\n<p>[\/vc_column_text][\/vc_column][\/vc_row][vc_row row_type=\u00bbrow\u00bb use_row_as_full_screen_section=\u00bbno\u00bb type=\u00bbgrid\u00bb text_align=\u00bbcenter\u00bb background_animation=\u00bbnone\u00bb padding_top=\u00bb10&#8243; padding_bottom=\u00bb50&#8243; css_animation=\u00bb\u00bb][vc_column width=\u00bb1\/3&#8243;][vc_column_text]<\/p>\n<h6>En tren (RENFE)<\/h6>\n<p>[\/vc_column_text][vc_empty_space height=\u00bb26px\u00bb][vc_column_text]<\/p>\n<p style=\"font-size: 14px;\">RENFE es la forma m\u00e1s r\u00e1pida de llegar al albergue. El billete sencillo desde el aeropuerto hasta la estaci\u00f3n Sants cuesta 4.1\u20ac, alternativamente puede utilizar las tarjetas <a href=\"https:\/\/www.tmb.cat\/en\/barcelona\/fares-metro-bus\/travel-cards\/t-10\" target=\"_blank\" rel=\"noopener noreferrer\">T10<\/a>\u00a0o <a href=\"https:\/\/www.tmb.cat\/en\/barcelona\/fares-metro-bus\/barcelona-travel-card-hola-bcn\" target=\"_blank\" rel=\"noopener noreferrer\">Hola BCN<\/a>. Los trenes salen cada 30 minutos (5:30-23:30) desde la terminal T2. El nombre de la parada que desea es Barcelona-Sants (3 paradas, 20 minutos). El albergue se encuentra a solo <a href=\"https:\/\/goo.gl\/maps\/GFq7cqi3eFA2\" target=\"_blank\" rel=\"noopener noreferrer\">3 minutos a pie de la estaci\u00f3n<\/a>.<\/p>\n<p>[\/vc_column_text][vc_empty_space height=\u00bb40px\u00bb][\/vc_column][vc_column width=\u00bb1\/3&#8243;][vc_column_text]<\/p>\n<h6>En metro (TMB)<\/h6>\n<p>[\/vc_column_text][vc_empty_space height=\u00bb26px\u00bb][vc_column_text]<\/p>\n<p style=\"font-size: 14px;\">Puede coger el metro desde ambas terminales T1 y T2 del aeropuerto de Barcelona. El billete sencillo cuesta 4.2\u20ac. Alternativamente puede usar la tarjeta <a href=\"https:\/\/www.tmb.cat\/en\/barcelona\/fares-metro-bus\/barcelona-travel-card-hola-bcn\" target=\"_blank\" rel=\"noopener noreferrer\">Hola BCN<\/a>. Los trenes salen cada 5-10 minutos (05:00-00:00). El nombre de la parada que desea es Sants Estaci\u00f3 (L5), se encuentra dentro de la estaci\u00f3n de Barcelona Sants. El albergue se encuentra a solo <a href=\"https:\/\/goo.gl\/maps\/GFq7cqi3eFA2\" target=\"_blank\" rel=\"noopener noreferrer\">3 minutos a pie de la estaci\u00f3n<\/a>.<\/p>\n<p>[\/vc_column_text][vc_empty_space height=\u00bb40px\u00bb][\/vc_column][vc_column width=\u00bb1\/3&#8243;][vc_column_text]<\/p>\n<h6>En el autob\u00fas nocturno<\/h6>\n<p>[\/vc_column_text][vc_empty_space height=\u00bb26px\u00bb][vc_column_text]<\/p>\n<p style=\"font-size: 14px;\">Si llega al aeropuerto a la medianoche o m\u00e1s tarde, durante las 23:30-5:30 los autobuses nocturnos N16, N17 y N18 operan entre el aeropuerto y la ciudad. El billete sencillo cuesta 2.15\u20ac, alternativamente puede usar las tarjetas <a href=\"https:\/\/www.tmb.cat\/en\/barcelona\/fares-metro-bus\/travel-cards\/t-10\" target=\"_blank\" rel=\"noopener noreferrer\">T10<\/a>\u00a0o <a href=\"https:\/\/www.tmb.cat\/en\/barcelona\/fares-metro-bus\/barcelona-travel-card-hola-bcn\" target=\"_blank\" rel=\"noopener noreferrer\">Hola BCN<\/a>. El nombre de la parada que desea es Pla\u00e7a Espanya. El albergue se encuentra a <a href=\"https:\/\/goo.gl\/maps\/mUSLgyapzvu\" target=\"_blank\" rel=\"noopener noreferrer\">18 minutos a pie de Pla\u00e7a Espanya<\/a>.<\/p>\n<p>[\/vc_column_text][vc_empty_space height=\u00bb40px\u00bb][\/vc_column][\/vc_row][vc_row row_type=\u00bbrow\u00bb use_row_as_full_screen_section=\u00bbno\u00bb type=\u00bbfull_width\u00bb text_align=\u00bbleft\u00bb background_animation=\u00bbnone\u00bb css_animation=\u00bb\u00bb][vc_column][vc_gmaps link=\u00bb#E-8_JTNDaWZyYW1lJTIwc3JjJTNEJTIyaHR0cHMlM0ElMkYlMkZ3d3cuZ29vZ2xlLmNvbSUyRm1hcHMlMkZlbWJlZCUzRnBiJTNEJTIxMW0xOCUyMTFtMTIlMjExbTMlMjExZDI5OTMuNzg4MzI2MTgyODEyJTIxMmQyLjEzNTQ5Njc1MDk3MDIyNzYlMjEzZDQxLjM3ODY4MzQwNDM5NTklMjEybTMlMjExZjAlMjEyZjAlMjEzZjAlMjEzbTIlMjExaTEwMjQlMjEyaTc2OCUyMTRmMTMuMSUyMTNtMyUyMTFtMiUyMTFzMHgxMmE0OTg4NmZmNjdiMTFiJTI1M0EweGMxOWM1NjVhYmIwMmYyOTMlMjEyc01lZXRpbmclMkJQb2ludCUyQkhvc3RlbHMlMjE1ZTAlMjEzbTIlMjExc2VuJTIxMnNlcyUyMTR2MTQ3ODUwOTI2NzQwMSUyMiUyMHdpZHRoJTNEJTIyNjAwJTIyJTIwaGVpZ2h0JTNEJTIyNDUwJTIyJTIwZnJhbWVib3JkZXIlM0QlMjIwJTIyJTIwc3R5bGUlM0QlMjJib3JkZXIlM0EwJTIyJTIwYWxsb3dmdWxsc2NyZWVuJTNFJTNDJTJGaWZyYW1lJTNF\u00bb size=\u00bb450&#8243;][\/vc_column][\/vc_row][vc_row row_type=\u00bbrow\u00bb use_row_as_full_screen_section=\u00bbno\u00bb type=\u00bbfull_width\u00bb text_align=\u00bbleft\u00bb background_animation=\u00bbnone\u00bb css_animation=\u00bb\u00bb][vc_column][vc_column_text]<\/p>\n<p>[\/vc_column_text][\/vc_column][\/vc_row]<\/p>\n<\/div>","protected":false},"excerpt":{"rendered":"<p>[vc_row row_type=\u00bbrow\u00bb use_row_as_full_screen_section=\u00bbno\u00bb type=\u00bbgrid\u00bb text_align=\u00bbcenter\u00bb background_animation=\u00bbnone\u00bb padding_top=\u00bb60&#8243; padding_bottom=\u00bb30&#8243; css_animation=\u00bb\u00bb][vc_column][vc_column_text] Vallespir 20, 08014, Barcelona +34 934 097 446 (a todas horas) hello@meetingpointhostels.com [\/vc_column_text][vc_empty_space height=\u00bb50px\u00bb][vc_column_text] Alrededor del albergue [\/vc_column_text][vc_empty_space height=\u00bb30px\u00bb][vc_column_text]El albergue est\u00e1 ubicado cerca de la estaci\u00f3n de tren de Sants y de las l\u00edneas de metro&#8230;<\/p>\n","protected":false},"author":1,"featured_media":0,"parent":0,"menu_order":0,"comment_status":"closed","ping_status":"closed","template":"full_width.php","meta":{"footnotes":""},"class_list":["post-1067","page","type-page","status-publish","hentry"],"_links":{"self":[{"href":"https:\/\/meetingpointhostels.com\/es\/wp-json\/wp\/v2\/pages\/1067"}],"collection":[{"href":"https:\/\/meetingpointhostels.com\/es\/wp-json\/wp\/v2\/pages"}],"about":[{"href":"https:\/\/meetingpointhostels.com\/es\/wp-json\/wp\/v2\/types\/page"}],"author":[{"embeddable":true,"href":"https:\/\/meetingpointhostels.com\/es\/wp-json\/wp\/v2\/users\/1"}],"replies":[{"embeddable":true,"href":"https:\/\/meetingpointhostels.com\/es\/wp-json\/wp\/v2\/comments?post=1067"}],"version-history":[{"count":11,"href":"https:\/\/meetingpointhostels.com\/es\/wp-json\/wp\/v2\/pages\/1067\/revisions"}],"predecessor-version":[{"id":1125,"href":"https:\/\/meetingpointhostels.com\/es\/wp-json\/wp\/v2\/pages\/1067\/revisions\/1125"}],"wp:attachment":[{"href":"https:\/\/meetingpointhostels.com\/es\/wp-json\/wp\/v2\/media?parent=1067"}],"curies":[{"name":"wp","href":"https:\/\/api.w.org\/{rel}","templated":true}]}}