{"id":1058,"date":"2016-10-21T21:21:39","date_gmt":"2016-10-21T21:21:39","guid":{"rendered":"http:\/\/meetingpointhostels.com\/faq\/"},"modified":"2022-05-19T16:40:53","modified_gmt":"2022-05-19T16:40:53","slug":"preguntas-frecuentes","status":"publish","type":"page","link":"https:\/\/meetingpointhostels.com\/es\/preguntas-frecuentes\/","title":{"rendered":"Preguntas frecuentes"},"content":{"rendered":"<div class=\"wpb-content-wrapper\"><p>[vc_row row_type=\u00bbrow\u00bb use_row_as_full_screen_section=\u00bbno\u00bb type=\u00bbfull_width\u00bb text_align=\u00bbleft\u00bb background_animation=\u00bbnone\u00bb padding_top=\u00bb0&#8243; padding_bottom=\u00bb50&#8243; css_animation=\u00bb\u00bb][vc_column][vc_column_text]<\/p>\n<h5 style=\"padding-bottom: 5px; text-transform: none;\"><span class=\"tab-title-inner\">\u00bfCu\u00e1l es el horario de check-in y check-out?<\/span><\/h5>\n<p>El horario del check-in es de 14:00 a 23:00. El check-out es hasta las 11:00. No se aceptan los check-ins tard\u00edos.[\/vc_column_text][vc_empty_space height=\u00bb35px\u00bb][vc_column_text]<\/p>\n<h5 style=\"padding-bottom: 5px; text-transform: none;\"><span class=\"tab-title-inner\">\u00bfTienen servicio de consigna de equipaje?<\/span><\/h5>\n<p>El almacenamiento de equipaje est\u00e1 disponible desde las 11:00 en la fecha de llegada y hasta las 14:00 en la fecha de salida.[\/vc_column_text][vc_empty_space height=\u00bb35px\u00bb][vc_column_text]<\/p>\n<h5 style=\"padding-bottom: 5px; text-transform: none;\"><span class=\"tab-title-inner\">\u00bfNecesito mi DNI\/pasaporte para hacer check-in?<\/span><\/h5>\n<p>Todos los hu\u00e9spedes, incluidos los menores de edad, deben presentar un documento que certifique su identidad con una foto (documento nacional de identidad o pasaporte) en el momento del check-in.[\/vc_column_text][vc_empty_space height=\u00bb35px\u00bb][vc_column_text]<\/p>\n<h5 style=\"padding-bottom: 5px; text-transform: none;\"><span class=\"tab-title-inner\">\u00bfCu\u00e1l es su pol\u00edtica de cancelaci\u00f3n?<\/span><\/h5>\n<p>Si usted realiz\u00f3 una reserva Est\u00e1ndar, puede cancelarla de forma gratuita hasta 2 d\u00edas antes de la fecha de llegada. Las cancelaciones son aceptadas s\u00f3lo por <a href=\"mailto:hello@meetingpointhostels.com\">correo electr\u00f3nico<\/a>. Las reservas No Reembolsables no se pueden cancelar bajo ninguna circunstancia. Si usted realiz\u00f3 su reserva a trav\u00e9s de un sitio web externo de reservas o de una agencia de viajes en l\u00ednea, debe contactarlos directamente para la cancelaci\u00f3n.[\/vc_column_text][vc_empty_space height=\u00bb35px\u00bb][vc_column_text]<\/p>\n<h5 style=\"padding-bottom: 5px; text-transform: none;\"><span class=\"tab-title-inner\">\u00bfNecesito una tarjeta de cr\u00e9dito\/d\u00e9bito v\u00e1lida para hacer una reserva?<\/span><\/h5>\n<p>S\u00ed, se requiere una tarjeta de cr\u00e9dito\/d\u00e9bito v\u00e1lida para garantizar su reserva con nosotros. Si usted realiz\u00f3 una reserva Est\u00e1ndar, se le cobrar\u00e1 la primera noche de su estancia durante los 2 d\u00edas antes de la fecha de llegada. Para las reservas no reembolsables, el importe total se cobra por adelantado. El uso de una tarjeta de cr\u00e9dito\/d\u00e9bito no v\u00e1lida derivar\u00e1 en la cancelaci\u00f3n de la reserva.[\/vc_column_text][vc_empty_space height=\u00bb35px\u00bb][vc_column_text]<\/p>\n<h5 style=\"padding-bottom: 5px; text-transform: none;\"><span class=\"tab-title-inner\">\u00bfQu\u00e9 m\u00e9todos de pago se aceptan?<\/span><\/h5>\n<p>Se aceptan tarjetas de cr\u00e9dito y d\u00e9bito (Visa, MasterCard y Maestro).[\/vc_column_text][vc_empty_space height=\u00bb35px\u00bb][vc_column_text]<\/p>\n<h5 style=\"padding-bottom: 5px; text-transform: none;\"><span class=\"tab-title-inner\">\u00bfPuedo modificar mi reserva?<\/span><\/h5>\n<p>Env\u00edenos un <a href=\"mailto:hello@meetingpointhostels.com\"> correo electr\u00f3nico <\/a> con los detalles de su reserva e informaci\u00f3n sobre las modificaciones que necesita. Podemos cambiar las fechas de su estad\u00eda solo en caso de disponibilidad de camas\/habitaciones en las fechas requeridas.[\/vc_column_text][vc_empty_space height=\u00bb35px\u00bb][vc_column_text]<\/p>\n<h5 style=\"padding-bottom: 5px; text-transform: none;\"><span class=\"tab-title-inner\">Reservas de grupo (9 personas o m\u00e1s)<\/span><\/h5>\n<p>Si desea hacer una reserva para un grupo de 9 personas o m\u00e1s, cont\u00e1ctenos por <a href=\"mailto:hello@meetingpointhostels.com\">correo electr\u00f3nico<\/a>. Las reservas de grupo no son reembolsables. El pago total se require al menos dos semanas antes de la fecha de llegada.[\/vc_column_text][vc_empty_space height=\u00bb35px\u00bb][vc_column_text]<\/p>\n<h5 style=\"padding-bottom: 5px; text-transform: none;\"><span class=\"tab-title-inner\">Hu\u00e9spedes menores de 18 a\u00f1os<\/span><\/h5>\n<p>No se aceptan menores de 18 a\u00f1os en dormitorios compartidos. Los menores de 18 a\u00f1os pueden alojarse solo en habitaciones privadas, si est\u00e1n acompa\u00f1ados por sus padres.[\/vc_column_text][vc_empty_space height=\u00bb35px\u00bb][vc_column_text]<\/p>\n<h5 style=\"padding-bottom: 5px; text-transform: none;\"><span class=\"tab-title-inner\">\u00bfSe sirven desayunos en el albergue?<\/span><\/h5>\n<p>No, lamentablemente, no servimos desayunos.[\/vc_column_text][vc_empty_space height=\u00bb35px\u00bb][\/vc_column][\/vc_row]<\/p>\n<\/div>","protected":false},"excerpt":{"rendered":"<p>[vc_row row_type=\u00bbrow\u00bb use_row_as_full_screen_section=\u00bbno\u00bb type=\u00bbfull_width\u00bb text_align=\u00bbleft\u00bb background_animation=\u00bbnone\u00bb padding_top=\u00bb0&#8243; padding_bottom=\u00bb50&#8243; css_animation=\u00bb\u00bb][vc_column][vc_column_text] \u00bfCu\u00e1l es el horario de check-in y check-out? El horario del check-in es de 14:00 a 23:00. El check-out es hasta las 11:00. No se aceptan los check-ins tard\u00edos.[\/vc_column_text][vc_empty_space height=\u00bb35px\u00bb][vc_column_text] \u00bfTienen servicio de consigna de equipaje?&#8230;<\/p>\n","protected":false},"author":1,"featured_media":0,"parent":0,"menu_order":0,"comment_status":"closed","ping_status":"closed","template":"","meta":{"footnotes":""},"class_list":["post-1058","page","type-page","status-publish","hentry"],"_links":{"self":[{"href":"https:\/\/meetingpointhostels.com\/es\/wp-json\/wp\/v2\/pages\/1058"}],"collection":[{"href":"https:\/\/meetingpointhostels.com\/es\/wp-json\/wp\/v2\/pages"}],"about":[{"href":"https:\/\/meetingpointhostels.com\/es\/wp-json\/wp\/v2\/types\/page"}],"author":[{"embeddable":true,"href":"https:\/\/meetingpointhostels.com\/es\/wp-json\/wp\/v2\/users\/1"}],"replies":[{"embeddable":true,"href":"https:\/\/meetingpointhostels.com\/es\/wp-json\/wp\/v2\/comments?post=1058"}],"version-history":[{"count":20,"href":"https:\/\/meetingpointhostels.com\/es\/wp-json\/wp\/v2\/pages\/1058\/revisions"}],"predecessor-version":[{"id":1240,"href":"https:\/\/meetingpointhostels.com\/es\/wp-json\/wp\/v2\/pages\/1058\/revisions\/1240"}],"wp:attachment":[{"href":"https:\/\/meetingpointhostels.com\/es\/wp-json\/wp\/v2\/media?parent=1058"}],"curies":[{"name":"wp","href":"https:\/\/api.w.org\/{rel}","templated":true}]}}